{"id":544,"date":"2018-06-22T07:42:50","date_gmt":"2018-06-22T07:42:50","guid":{"rendered":"https:\/\/themes.themegoods.com\/hoteller\/city\/?page_id=544"},"modified":"2023-01-23T05:49:01","modified_gmt":"2023-01-23T05:49:01","slug":"servicios","status":"publish","type":"page","link":"https:\/\/jardinazul.com\/en\/servicios\/","title":{"rendered":"Services"},"content":{"rendered":"<div data-elementor-type=\"wp-post\" data-elementor-id=\"544\" class=\"elementor elementor-544\">\n\t\t\t\t\t\t<section class=\"elementor-section elementor-top-section elementor-element elementor-element-78934791 elementor-section-stretched elementor-section-height-min-height elementor-section-boxed elementor-section-height-default elementor-section-items-middle\" data-id=\"78934791\" data-element_type=\"section\" data-settings=\"{&quot;stretch_section&quot;:&quot;section-stretched&quot;,&quot;background_background&quot;:&quot;classic&quot;}\">\n\t\t\t\t\t\t\t<div class=\"elementor-background-overlay\"><\/div>\n\t\t\t\t\t\t\t<div class=\"elementor-container elementor-column-gap-default\">\n\t\t\t\t\t<div class=\"elementor-column elementor-col-100 elementor-top-column elementor-element elementor-element-10a4b6ca\" data-id=\"10a4b6ca\" data-element_type=\"column\">\n\t\t\t<div class=\"elementor-widget-wrap elementor-element-populated\">\n\t\t\t\t\t\t<div class=\"elementor-element elementor-element-53e3c01e elementor-invisible elementor-widget elementor-widget-heading\" data-id=\"53e3c01e\" data-element_type=\"widget\" data-settings=\"{&quot;_animation&quot;:&quot;fadeInUp&quot;}\" data-widget_type=\"heading.default\">\n\t\t\t\t<div class=\"elementor-widget-container\">\n\t\t\t<h1 class=\"elementor-heading-title elementor-size-default\">The hotel<\/h1>\t\t<\/div>\n\t\t\t\t<\/div>\n\t\t\t\t<div class=\"elementor-element elementor-element-2ec32d32 elementor-invisible elementor-widget elementor-widget-heading\" data-id=\"2ec32d32\" data-element_type=\"widget\" data-settings=\"{&quot;_animation&quot;:&quot;fadeInUp&quot;,&quot;_animation_delay&quot;:400}\" data-widget_type=\"heading.default\">\n\t\t\t\t<div class=\"elementor-widget-container\">\n\t\t\t<h5 class=\"elementor-heading-title elementor-size-default\">SERVICES<\/h5>\t\t<\/div>\n\t\t\t\t<\/div>\n\t\t\t\t\t<\/div>\n\t\t<\/div>\n\t\t\t\t\t<\/div>\n\t\t<\/section>\n\t\t\t\t<section class=\"elementor-section elementor-top-section elementor-element elementor-element-2959b134 elementor-section-stretched elementor-section-boxed elementor-section-height-default elementor-section-height-default\" data-id=\"2959b134\" data-element_type=\"section\" data-settings=\"{&quot;stretch_section&quot;:&quot;section-stretched&quot;,&quot;background_background&quot;:&quot;classic&quot;}\">\n\t\t\t\t\t\t<div class=\"elementor-container elementor-column-gap-default\">\n\t\t\t\t\t<div class=\"elementor-column elementor-col-100 elementor-top-column elementor-element elementor-element-2e5fd6f0\" data-id=\"2e5fd6f0\" data-element_type=\"column\">\n\t\t\t<div class=\"elementor-widget-wrap elementor-element-populated\">\n\t\t\t\t\t\t<section class=\"elementor-section elementor-inner-section elementor-element elementor-element-5823bb1 elementor-section-boxed elementor-section-height-default elementor-section-height-default\" data-id=\"5823bb1\" data-element_type=\"section\">\n\t\t\t\t\t\t<div class=\"elementor-container elementor-column-gap-wider\">\n\t\t\t\t\t<div class=\"elementor-column elementor-col-33 elementor-inner-column elementor-element elementor-element-639ffaf9\" data-id=\"639ffaf9\" data-element_type=\"column\">\n\t\t\t<div class=\"elementor-widget-wrap elementor-element-populated\">\n\t\t\t\t\t\t<div class=\"elementor-element elementor-element-4339c30f elementor-invisible elementor-widget elementor-widget-heading\" data-id=\"4339c30f\" data-element_type=\"widget\" data-settings=\"{&quot;_animation&quot;:&quot;fadeInRight&quot;}\" data-widget_type=\"heading.default\">\n\t\t\t\t<div class=\"elementor-widget-container\">\n\t\t\t<h2 class=\"elementor-heading-title elementor-size-default\">A paradise in the middle of Cali <\/h2>\t\t<\/div>\n\t\t\t\t<\/div>\n\t\t\t\t<div class=\"elementor-element elementor-element-6a5bd9ed elementor-invisible elementor-widget elementor-widget-text-editor\" data-id=\"6a5bd9ed\" data-element_type=\"widget\" data-settings=\"{&quot;_animation&quot;:&quot;fadeInRight&quot;,&quot;_animation_delay&quot;:400}\" data-widget_type=\"text-editor.default\">\n\t\t\t\t<div class=\"elementor-widget-container\">\n\t\t\t\t\t\t\t<p>The Jardin Azul hotel has 6 rooms each with its own private bathroom, cable TV and WiFi. It is also available for guests: Kitchen, terrace, a jacuzzi-pool and beautiful gardens that allow those staying to enjoy rest and tranquility. Special prices for groups and corporate partners.<\/p>\n<p>Special prices for groups and corporate partners.<\/p>\n<p>Children under 8 years do not pay accommodation. They only pay for breakfast. We also offer private Yoga classes in our relaxation area and a massage room&nbsp;<\/p>\n<p><strong><a href=\"https:\/\/jardinazul.com\/wp-content\/uploads\/2019\/09\/Reglamento-interno-de-servicio-al-cliente.pdf\" target=\"_blank\" rel=\"noopener\">See internal work regulations<\/a><\/strong><\/p>\n<p><strong><a href=\"https:\/\/jardinazul.com\/wp-content\/uploads\/2019\/08\/SGS-MA-04-H05-POLITICA-DE-TRATAMIENTO-DE-DATOS.docx\" target=\"_blank\" rel=\"noopener\">See personal data processing policy<\/a><\/strong><\/p>\t\t\t\t\t\t<\/div>\n\t\t\t\t<\/div>\n\t\t\t\t\t<\/div>\n\t\t<\/div>\n\t\t\t\t<div class=\"elementor-column elementor-col-66 elementor-inner-column elementor-element elementor-element-5c05d39e\" data-id=\"5c05d39e\" data-element_type=\"column\">\n\t\t\t<div class=\"elementor-widget-wrap elementor-element-populated\">\n\t\t\t\t\t\t<div class=\"elementor-element elementor-element-53b47a8c stellar elementor-invisible elementor-widget elementor-widget-image\" data-id=\"53b47a8c\" data-element_type=\"widget\" data-settings=\"{&quot;_animation&quot;:&quot;fadeIn&quot;,&quot;_animation_delay&quot;:1600}\" data-widget_type=\"image.default\">\n\t\t\t\t<div class=\"elementor-widget-container\">\n\t\t\t\t\t\t\t\t\t\t\t\t\t<img fetchpriority=\"high\" decoding=\"async\" width=\"960\" height=\"635\" src=\"https:\/\/jardinazul.com\/wp-content\/uploads\/2019\/08\/piscina.jpg\" class=\"attachment-full size-full wp-image-1956\" alt=\"\" srcset=\"https:\/\/jardinazul.com\/wp-content\/uploads\/2019\/08\/piscina.jpg 960w, https:\/\/jardinazul.com\/wp-content\/uploads\/2019\/08\/piscina-300x198.jpg 300w, https:\/\/jardinazul.com\/wp-content\/uploads\/2019\/08\/piscina-768x508.jpg 768w, https:\/\/jardinazul.com\/wp-content\/uploads\/2019\/08\/piscina-440x291.jpg 440w, https:\/\/jardinazul.com\/wp-content\/uploads\/2019\/08\/piscina-600x397.jpg 600w\" sizes=\"(max-width: 960px) 100vw, 960px\" \/>\t\t\t\t\t\t\t\t\t\t\t\t\t<\/div>\n\t\t\t\t<\/div>\n\t\t\t\t\t<\/div>\n\t\t<\/div>\n\t\t\t\t\t<\/div>\n\t\t<\/section>\n\t\t\t\t\t<\/div>\n\t\t<\/div>\n\t\t\t\t\t<\/div>\n\t\t<\/section>\n\t\t\t\t<section class=\"elementor-section elementor-top-section elementor-element elementor-element-a38ca81 elementor-section-boxed elementor-section-height-default elementor-section-height-default\" data-id=\"a38ca81\" data-element_type=\"section\">\n\t\t\t\t\t\t<div class=\"elementor-container elementor-column-gap-default\">\n\t\t\t\t\t<div class=\"elementor-column elementor-col-100 elementor-top-column elementor-element elementor-element-66d226c\" data-id=\"66d226c\" data-element_type=\"column\">\n\t\t\t<div class=\"elementor-widget-wrap elementor-element-populated\">\n\t\t\t\t\t\t<div class=\"elementor-element elementor-element-481ce70 elementor-widget elementor-widget-heading\" data-id=\"481ce70\" data-element_type=\"widget\" data-widget_type=\"heading.default\">\n\t\t\t\t<div class=\"elementor-widget-container\">\n\t\t\t<h2 class=\"elementor-heading-title elementor-size-default\">Services<\/h2>\t\t<\/div>\n\t\t\t\t<\/div>\n\t\t\t\t\t<\/div>\n\t\t<\/div>\n\t\t\t\t\t<\/div>\n\t\t<\/section>\n\t\t\t\t<section class=\"elementor-section elementor-top-section elementor-element elementor-element-fec6ecc elementor-section-boxed elementor-section-height-default elementor-section-height-default\" data-id=\"fec6ecc\" data-element_type=\"section\">\n\t\t\t\t\t\t<div class=\"elementor-container elementor-column-gap-default\">\n\t\t\t\t\t<div class=\"elementor-column elementor-col-50 elementor-top-column elementor-element elementor-element-67f5aee\" data-id=\"67f5aee\" data-element_type=\"column\">\n\t\t\t<div class=\"elementor-widget-wrap elementor-element-populated\">\n\t\t\t\t\t\t<div class=\"elementor-element elementor-element-17ed9e2 elementor-widget elementor-widget-image\" data-id=\"17ed9e2\" data-element_type=\"widget\" data-widget_type=\"image.default\">\n\t\t\t\t<div class=\"elementor-widget-container\">\n\t\t\t\t\t\t\t\t\t\t\t\t\t<img decoding=\"async\" width=\"960\" height=\"640\" data-src=\"https:\/\/jardinazul.com\/wp-content\/uploads\/2019\/08\/yoga.jpg\" class=\"attachment-large size-large wp-image-1945 lazyload\" alt=\"\" data-srcset=\"https:\/\/jardinazul.com\/wp-content\/uploads\/2019\/08\/yoga.jpg 960w, https:\/\/jardinazul.com\/wp-content\/uploads\/2019\/08\/yoga-300x200.jpg 300w, https:\/\/jardinazul.com\/wp-content\/uploads\/2019\/08\/yoga-768x512.jpg 768w, https:\/\/jardinazul.com\/wp-content\/uploads\/2019\/08\/yoga-700x466.jpg 700w, https:\/\/jardinazul.com\/wp-content\/uploads\/2019\/08\/yoga-440x293.jpg 440w, https:\/\/jardinazul.com\/wp-content\/uploads\/2019\/08\/yoga-600x400.jpg 600w\" data-sizes=\"(max-width: 960px) 100vw, 960px\" src=\"data:image\/gif;base64,R0lGODlhAQABAAAAACH5BAEKAAEALAAAAAABAAEAAAICTAEAOw==\" style=\"--smush-placeholder-width: 960px; --smush-placeholder-aspect-ratio: 960\/640;\" \/><noscript><img decoding=\"async\" width=\"960\" height=\"640\" src=\"https:\/\/jardinazul.com\/wp-content\/uploads\/2019\/08\/yoga.jpg\" class=\"attachment-large size-large wp-image-1945\" alt=\"\" srcset=\"https:\/\/jardinazul.com\/wp-content\/uploads\/2019\/08\/yoga.jpg 960w, https:\/\/jardinazul.com\/wp-content\/uploads\/2019\/08\/yoga-300x200.jpg 300w, https:\/\/jardinazul.com\/wp-content\/uploads\/2019\/08\/yoga-768x512.jpg 768w, https:\/\/jardinazul.com\/wp-content\/uploads\/2019\/08\/yoga-700x466.jpg 700w, https:\/\/jardinazul.com\/wp-content\/uploads\/2019\/08\/yoga-440x293.jpg 440w, https:\/\/jardinazul.com\/wp-content\/uploads\/2019\/08\/yoga-600x400.jpg 600w\" sizes=\"(max-width: 960px) 100vw, 960px\" \/><\/noscript>\t\t\t\t\t\t\t\t\t\t\t\t\t<\/div>\n\t\t\t\t<\/div>\n\t\t\t\t\t<\/div>\n\t\t<\/div>\n\t\t\t\t<div class=\"elementor-column elementor-col-50 elementor-top-column elementor-element elementor-element-fe1fb67\" data-id=\"fe1fb67\" data-element_type=\"column\">\n\t\t\t<div class=\"elementor-widget-wrap elementor-element-populated\">\n\t\t\t\t\t\t<div class=\"elementor-element elementor-element-57b037b elementor-widget elementor-widget-text-editor\" data-id=\"57b037b\" data-element_type=\"widget\" data-widget_type=\"text-editor.default\">\n\t\t\t\t<div class=\"elementor-widget-container\">\n\t\t\t\t\t\t\t<p>Jard\u00edn Azul has a beautiful swimming pool, massage room, space for Yoga and a wireless internet connection in all the hotel facilities.<\/p><p>The Jard\u00edn Azul pool is the ideal place to cool off and enjoy the beautiful afternoons of the sky branch. It is surrounded by tropical plants and with luck you can see hummingbirds drinking nectar from the flowers in the garden.<\/p><p>At the request of the guests:<\/p><p>*Romantic Plan<br \/>*Relaxing and slimming massages<br \/>*Facial treatments<br \/>*Private or group Yoga class<br \/>* Private Salsa classes<br \/>*City tours<br \/>*Appointment with beauty salon<br \/>*Laundry service<\/p>\t\t\t\t\t\t<\/div>\n\t\t\t\t<\/div>\n\t\t\t\t\t<\/div>\n\t\t<\/div>\n\t\t\t\t\t<\/div>\n\t\t<\/section>\n\t\t\t\t<section class=\"elementor-section elementor-top-section elementor-element elementor-element-4dc51e5 elementor-section-boxed elementor-section-height-default elementor-section-height-default\" data-id=\"4dc51e5\" data-element_type=\"section\">\n\t\t\t\t\t\t<div class=\"elementor-container elementor-column-gap-default\">\n\t\t\t\t\t<div class=\"elementor-column elementor-col-100 elementor-top-column elementor-element elementor-element-0fb9de8\" data-id=\"0fb9de8\" data-element_type=\"column\">\n\t\t\t<div class=\"elementor-widget-wrap elementor-element-populated\">\n\t\t\t\t\t\t<div class=\"elementor-element elementor-element-97c7b0c elementor-widget elementor-widget-heading\" data-id=\"97c7b0c\" data-element_type=\"widget\" data-widget_type=\"heading.default\">\n\t\t\t\t<div class=\"elementor-widget-container\">\n\t\t\t<h1 class=\"elementor-heading-title elementor-size-default\">Rooms<\/h1>\t\t<\/div>\n\t\t\t\t<\/div>\n\t\t\t\t<div class=\"elementor-element elementor-element-e5883c2 elementor-invisible elementor-widget elementor-widget-hoteller-accommodation-types\" data-id=\"e5883c2\" data-element_type=\"widget\" data-settings=\"{&quot;_animation&quot;:&quot;fadeInUp&quot;,&quot;_animation_delay&quot;:800}\" data-widget_type=\"hoteller-accommodation-types.default\">\n\t\t\t\t<div class=\"elementor-widget-container\">\n\t\t\t<div class=\"accommodation_type_content_wrapper layout_2\">\n\n<!-- Begin each accoomodation type post -->\n\t<div class=\"room_grid_wrapper one_third\">\n\t\t\t<div class=\"post_img_hover\">\n\t\t\t<img decoding=\"async\" class=\"singleroom_other_image lazyload\" data-src=\"https:\/\/jardinazul.com\/wp-content\/uploads\/2019\/08\/doble-con-balcon-700x466.jpg\" alt=\"\" src=\"data:image\/gif;base64,R0lGODlhAQABAAAAACH5BAEKAAEALAAAAAABAAEAAAICTAEAOw==\" style=\"--smush-placeholder-width: 700px; --smush-placeholder-aspect-ratio: 700\/466;\" \/><noscript><img decoding=\"async\" class=\"singleroom_other_image\" src=\"https:\/\/jardinazul.com\/wp-content\/uploads\/2019\/08\/doble-con-balcon-700x466.jpg\" alt=\"\"\/><\/noscript>\n\t\t\t<a class=\"singleroom_other_image_link\" title=\"1. Double deluxe with balcony. For one or two people\" href=\"https:\/\/jardinazul.com\/en\/accommodation\/doble-deluxe-balcon\/\"><\/a>\n\t\t<\/div>\n\t\t<h3 class=\"room_grid_wrapper_header\"><a title=\"1. Double deluxe with balcony. For one or two people\" href=\"https:\/\/jardinazul.com\/en\/accommodation\/doble-deluxe-balcon\/\">1. Double deluxe with balcony. For one or two people<\/a><\/h3>\n\t\t\n\t\t\t\t\t<div class=\"room_grid_content_wrapper themeborder\">\n\t\t\t\tExcelente elecci\u00f3n para viaje de negocios y planes rom\u00e1nticos.&nbsp;\nHabitaci\u00f3n doble amplia con balc\u00f3n y vista magn\u00edfica a la piscina y al jard\u00edn.\n\n\nIncluye...\t\t\t<\/div>\n\t\t\t\t<div class=\"room_grid2_action_wrapper\">\n\t\t\t<div class=\"child_one_half themeborder\">\n\t\t\t\t<div class=\"room_grid2_price_label\">From<\/div>\n\t\t\t\t<div class=\"room_grid2_price\">\n\t\t\t\t\t<span class=\"mphb-price\"><span class=\"mphb-currency\">&#36;<\/span>160.000<\/span> <span class=\"mphb-price-period\" title=\"Choose dates to see relevant prices\">per night<\/span>\t\t\t\t<\/div>\n\t\t\t<\/div>\n\t\t\t\n\t\t\t<div class=\"room_grid2_view child_one_half last\">\n\t\t\t\t<a title=\"1. Double deluxe with balcony. For one or two people\" href=\"https:\/\/jardinazul.com\/en\/accommodation\/doble-deluxe-balcon\/\" class=\"room_grid2_view\">\n\t\t\t\t\tView Detail\t\t\t\t<\/a>\n\t\t\t<\/div>\n\t\t<\/div>\n\t<\/div>\n\n<!-- End each accoomodation type post -->\n<!-- Begin each accoomodation type post -->\n\t<div class=\"room_grid_wrapper one_third\">\n\t\t\t<div class=\"post_img_hover\">\n\t\t\t<img decoding=\"async\" class=\"singleroom_other_image lazyload\" data-src=\"https:\/\/jardinazul.com\/wp-content\/uploads\/2019\/08\/doble-700x466.jpg\" alt=\"\" src=\"data:image\/gif;base64,R0lGODlhAQABAAAAACH5BAEKAAEALAAAAAABAAEAAAICTAEAOw==\" style=\"--smush-placeholder-width: 700px; --smush-placeholder-aspect-ratio: 700\/466;\" \/><noscript><img decoding=\"async\" class=\"singleroom_other_image\" src=\"https:\/\/jardinazul.com\/wp-content\/uploads\/2019\/08\/doble-700x466.jpg\" alt=\"\"\/><\/noscript>\n\t\t\t<a class=\"singleroom_other_image_link\" title=\"2. Standard double. For one or two people\" href=\"https:\/\/jardinazul.com\/en\/accommodation\/doble-estandar\/\"><\/a>\n\t\t<\/div>\n\t\t<h3 class=\"room_grid_wrapper_header\"><a title=\"2. Standard double. For one or two people\" href=\"https:\/\/jardinazul.com\/en\/accommodation\/doble-estandar\/\">2. Standard double. For one or two people<\/a><\/h3>\n\t\t\n\t\t\t\t\t<div class=\"room_grid_content_wrapper themeborder\">\n\t\t\t\tExcellent choice for business trip and romantic plans.\nSpacious double room with balcony and magnificent view of the pool, garden and city.\nIt includes...\t\t\t<\/div>\n\t\t\t\t<div class=\"room_grid2_action_wrapper\">\n\t\t\t<div class=\"child_one_half themeborder\">\n\t\t\t\t<div class=\"room_grid2_price_label\">From<\/div>\n\t\t\t\t<div class=\"room_grid2_price\">\n\t\t\t\t\t<span class=\"mphb-price\"><span class=\"mphb-currency\">&#36;<\/span>140.000<\/span> <span class=\"mphb-price-period\" title=\"Choose dates to see relevant prices\">per night<\/span>\t\t\t\t<\/div>\n\t\t\t<\/div>\n\t\t\t\n\t\t\t<div class=\"room_grid2_view child_one_half last\">\n\t\t\t\t<a title=\"2. Standard double. For one or two people\" href=\"https:\/\/jardinazul.com\/en\/accommodation\/doble-estandar\/\" class=\"room_grid2_view\">\n\t\t\t\t\tView Detail\t\t\t\t<\/a>\n\t\t\t<\/div>\n\t\t<\/div>\n\t<\/div>\n\n<!-- End each accoomodation type post -->\n<!-- Begin each accoomodation type post -->\n\t<div class=\"room_grid_wrapper one_third\">\n\t\t\t<div class=\"post_img_hover\">\n\t\t\t<img decoding=\"async\" class=\"singleroom_other_image lazyload\" data-src=\"https:\/\/jardinazul.com\/wp-content\/uploads\/2019\/08\/triple-deluxe-700x466.jpg\" alt=\"\" src=\"data:image\/gif;base64,R0lGODlhAQABAAAAACH5BAEKAAEALAAAAAABAAEAAAICTAEAOw==\" style=\"--smush-placeholder-width: 700px; --smush-placeholder-aspect-ratio: 700\/466;\" \/><noscript><img decoding=\"async\" class=\"singleroom_other_image\" src=\"https:\/\/jardinazul.com\/wp-content\/uploads\/2019\/08\/triple-deluxe-700x466.jpg\" alt=\"\"\/><\/noscript>\n\t\t\t<a class=\"singleroom_other_image_link\" title=\"3. Triple deluxe with balcony. For two or three people\" href=\"https:\/\/jardinazul.com\/en\/accommodation\/luxury-suite-room\/\"><\/a>\n\t\t<\/div>\n\t\t<h3 class=\"room_grid_wrapper_header\"><a title=\"3. Triple deluxe with balcony. For two or three people\" href=\"https:\/\/jardinazul.com\/en\/accommodation\/luxury-suite-room\/\">3. Triple deluxe with balcony. For two or three people<\/a><\/h3>\n\t\t\n\t\t\t\t\t<div class=\"room_grid_content_wrapper themeborder\">\n\t\t\t\tIdeal para grupos y familia. Habitaci\u00f3n m\u00faltiple con ba\u00f1o privado y TV de pantalla plana.&nbsp;\n\nIncluye en la habitaci\u00f3n:\n\n \tBa\u00f1o privado con ducha\n...\t\t\t<\/div>\n\t\t\t\t<div class=\"room_grid2_action_wrapper\">\n\t\t\t<div class=\"child_one_half themeborder\">\n\t\t\t\t<div class=\"room_grid2_price_label\">From<\/div>\n\t\t\t\t<div class=\"room_grid2_price\">\n\t\t\t\t\t<span class=\"mphb-price\"><span class=\"mphb-currency\">&#36;<\/span>200.000<\/span> <span class=\"mphb-price-period\" title=\"Choose dates to see relevant prices\">per night<\/span>\t\t\t\t<\/div>\n\t\t\t<\/div>\n\t\t\t\n\t\t\t<div class=\"room_grid2_view child_one_half last\">\n\t\t\t\t<a title=\"3. Triple deluxe with balcony. For two or three people\" href=\"https:\/\/jardinazul.com\/en\/accommodation\/luxury-suite-room\/\" class=\"room_grid2_view\">\n\t\t\t\t\tView Detail\t\t\t\t<\/a>\n\t\t\t<\/div>\n\t\t<\/div>\n\t<\/div>\n\n<!-- End each accoomodation type post -->\n<!-- Begin each accoomodation type post -->\n\t<div class=\"room_grid_wrapper one_third\">\n\t\t\t<div class=\"post_img_hover\">\n\t\t\t<img decoding=\"async\" class=\"singleroom_other_image lazyload\" data-src=\"https:\/\/jardinazul.com\/wp-content\/uploads\/2019\/08\/doble-con-balcon-700x466.jpg\" alt=\"\" src=\"data:image\/gif;base64,R0lGODlhAQABAAAAACH5BAEKAAEALAAAAAABAAEAAAICTAEAOw==\" style=\"--smush-placeholder-width: 700px; --smush-placeholder-aspect-ratio: 700\/466;\" \/><noscript><img decoding=\"async\" class=\"singleroom_other_image\" src=\"https:\/\/jardinazul.com\/wp-content\/uploads\/2019\/08\/doble-con-balcon-700x466.jpg\" alt=\"\"\/><\/noscript>\n\t\t\t<a class=\"singleroom_other_image_link\" title=\"4. Double deluxe with balcony. For one or two people\" href=\"https:\/\/jardinazul.com\/en\/accommodation\/4-doble-deluxe-con-balcon-para-una-o-dos-personas\/\"><\/a>\n\t\t<\/div>\n\t\t<h3 class=\"room_grid_wrapper_header\"><a title=\"4. Double deluxe with balcony. For one or two people\" href=\"https:\/\/jardinazul.com\/en\/accommodation\/4-doble-deluxe-con-balcon-para-una-o-dos-personas\/\">4. Double deluxe with balcony. For one or two people<\/a><\/h3>\n\t\t\n\t\t\t\t\t<div class=\"room_grid_content_wrapper themeborder\">\n\t\t\t\tExcelente elecci\u00f3n para viaje de negocios y planes rom\u00e1nticos\nHabitaci\u00f3n doble amplia con balc\u00f3n y vista magn\u00edfica a la piscina y al jard\u00edn\n\n\nIncluye...\t\t\t<\/div>\n\t\t\t\t<div class=\"room_grid2_action_wrapper\">\n\t\t\t<div class=\"child_one_half themeborder\">\n\t\t\t\t<div class=\"room_grid2_price_label\">From<\/div>\n\t\t\t\t<div class=\"room_grid2_price\">\n\t\t\t\t\t<span class=\"mphb-price\"><span class=\"mphb-currency\">&#36;<\/span>160.000<\/span> <span class=\"mphb-price-period\" title=\"Choose dates to see relevant prices\">per night<\/span>\t\t\t\t<\/div>\n\t\t\t<\/div>\n\t\t\t\n\t\t\t<div class=\"room_grid2_view child_one_half last\">\n\t\t\t\t<a title=\"4. Double deluxe with balcony. For one or two people\" href=\"https:\/\/jardinazul.com\/en\/accommodation\/4-doble-deluxe-con-balcon-para-una-o-dos-personas\/\" class=\"room_grid2_view\">\n\t\t\t\t\tView Detail\t\t\t\t<\/a>\n\t\t\t<\/div>\n\t\t<\/div>\n\t<\/div>\n\n<!-- End each accoomodation type post -->\n<!-- Begin each accoomodation type post -->\n\t<div class=\"room_grid_wrapper one_third\">\n\t\t\t<div class=\"post_img_hover\">\n\t\t\t<img decoding=\"async\" class=\"singleroom_other_image lazyload\" data-src=\"https:\/\/jardinazul.com\/wp-content\/uploads\/2019\/08\/triple-700x466.jpg\" alt=\"\" src=\"data:image\/gif;base64,R0lGODlhAQABAAAAACH5BAEKAAEALAAAAAABAAEAAAICTAEAOw==\" style=\"--smush-placeholder-width: 700px; --smush-placeholder-aspect-ratio: 700\/466;\" \/><noscript><img decoding=\"async\" class=\"singleroom_other_image\" src=\"https:\/\/jardinazul.com\/wp-content\/uploads\/2019\/08\/triple-700x466.jpg\" alt=\"\"\/><\/noscript>\n\t\t\t<a class=\"singleroom_other_image_link\" title=\"5. Triple standard. For two or three people\" href=\"https:\/\/jardinazul.com\/en\/accommodation\/triple-estandar\/\"><\/a>\n\t\t<\/div>\n\t\t<h3 class=\"room_grid_wrapper_header\"><a title=\"5. Triple standard. For two or three people\" href=\"https:\/\/jardinazul.com\/en\/accommodation\/triple-estandar\/\">5. Triple standard. For two or three people<\/a><\/h3>\n\t\t\n\t\t\t\t\t<div class=\"room_grid_content_wrapper themeborder\">\n\t\t\t\tHabitaci\u00f3n m\u00faltiple. Ideal para grupos y familias\n\nIncluye en la habitaci\u00f3n:\n\n \tBa\u00f1o privado con ducha\n \tTV de pantalla plana\n \tCanales por suscripci\u00f3n\n...\t\t\t<\/div>\n\t\t\t\t<div class=\"room_grid2_action_wrapper\">\n\t\t\t<div class=\"child_one_half themeborder\">\n\t\t\t\t<div class=\"room_grid2_price_label\">From<\/div>\n\t\t\t\t<div class=\"room_grid2_price\">\n\t\t\t\t\t<span class=\"mphb-price\"><span class=\"mphb-currency\">&#36;<\/span>180.000<\/span> <span class=\"mphb-price-period\" title=\"Choose dates to see relevant prices\">per night<\/span>\t\t\t\t<\/div>\n\t\t\t<\/div>\n\t\t\t\n\t\t\t<div class=\"room_grid2_view child_one_half last\">\n\t\t\t\t<a title=\"5. Triple standard. For two or three people\" href=\"https:\/\/jardinazul.com\/en\/accommodation\/triple-estandar\/\" class=\"room_grid2_view\">\n\t\t\t\t\tView Detail\t\t\t\t<\/a>\n\t\t\t<\/div>\n\t\t<\/div>\n\t<\/div>\n\n<!-- End each accoomodation type post -->\n<!-- Begin each accoomodation type post -->\n\t<div class=\"room_grid_wrapper one_third\">\n\t\t\t<div class=\"post_img_hover\">\n\t\t\t<img decoding=\"async\" class=\"singleroom_other_image lazyload\" data-src=\"https:\/\/jardinazul.com\/wp-content\/uploads\/2019\/08\/triple-700x466.jpg\" alt=\"\" src=\"data:image\/gif;base64,R0lGODlhAQABAAAAACH5BAEKAAEALAAAAAABAAEAAAICTAEAOw==\" style=\"--smush-placeholder-width: 700px; --smush-placeholder-aspect-ratio: 700\/466;\" \/><noscript><img decoding=\"async\" class=\"singleroom_other_image\" src=\"https:\/\/jardinazul.com\/wp-content\/uploads\/2019\/08\/triple-700x466.jpg\" alt=\"\"\/><\/noscript>\n\t\t\t<a class=\"singleroom_other_image_link\" title=\"5. Triple superior. For two or three people\" href=\"https:\/\/jardinazul.com\/en\/accommodation\/6-triple-estandar-para-dos-o-tres-personas\/\"><\/a>\n\t\t<\/div>\n\t\t<h3 class=\"room_grid_wrapper_header\"><a title=\"5. Triple superior. For two or three people\" href=\"https:\/\/jardinazul.com\/en\/accommodation\/6-triple-estandar-para-dos-o-tres-personas\/\">5. Triple superior. For two or three people<\/a><\/h3>\n\t\t\n\t\t\t\t\t<div class=\"room_grid_content_wrapper themeborder\">\n\t\t\t\tHabitaci\u00f3n m\u00faltiple. Ideal para grupos y familias.\n\nIncluye en la habitaci\u00f3n:\n\n \tBa\u00f1o privado con ducha\n \tTV de pantalla plana\n \tCanales por suscripci\u00f3n\n...\t\t\t<\/div>\n\t\t\t\t<div class=\"room_grid2_action_wrapper\">\n\t\t\t<div class=\"child_one_half themeborder\">\n\t\t\t\t<div class=\"room_grid2_price_label\">From<\/div>\n\t\t\t\t<div class=\"room_grid2_price\">\n\t\t\t\t\t<span class=\"mphb-price\"><span class=\"mphb-currency\">&#36;<\/span>180.000<\/span> <span class=\"mphb-price-period\" title=\"Choose dates to see relevant prices\">per night<\/span>\t\t\t\t<\/div>\n\t\t\t<\/div>\n\t\t\t\n\t\t\t<div class=\"room_grid2_view child_one_half last\">\n\t\t\t\t<a title=\"5. Triple superior. For two or three people\" href=\"https:\/\/jardinazul.com\/en\/accommodation\/6-triple-estandar-para-dos-o-tres-personas\/\" class=\"room_grid2_view\">\n\t\t\t\t\tView Detail\t\t\t\t<\/a>\n\t\t\t<\/div>\n\t\t<\/div>\n\t<\/div>\n\n<!-- End each accoomodation type post --><\/div>\n<br class=\"clear\"\/>\t\t<\/div>\n\t\t\t\t<\/div>\n\t\t\t\t\t<\/div>\n\t\t<\/div>\n\t\t\t\t\t<\/div>\n\t\t<\/section>\n\t\t\t\t<\/div>","protected":false},"excerpt":{"rendered":"<p>El Hotel SERVICIOS Un para\u00edso en medio de la ciudad El hotel Jard\u00edn Azul cuenta con 6 habitaciones cada una con su ba\u00f1o privado, televisi\u00f3n por suscripci\u00f3n y WiFi. Tambi\u00e9n se encuentra disponible para los hu\u00e9spedes: Patio con zona de [&hellip;]<\/p>","protected":false},"author":1,"featured_media":0,"parent":0,"menu_order":0,"comment_status":"closed","ping_status":"closed","template":"","meta":{"_joinchat":[],"footnotes":""},"class_list":["post-544","page","type-page","status-publish","hentry"],"_links":{"self":[{"href":"https:\/\/jardinazul.com\/en\/wp-json\/wp\/v2\/pages\/544","targetHints":{"allow":["GET"]}}],"collection":[{"href":"https:\/\/jardinazul.com\/en\/wp-json\/wp\/v2\/pages"}],"about":[{"href":"https:\/\/jardinazul.com\/en\/wp-json\/wp\/v2\/types\/page"}],"author":[{"embeddable":true,"href":"https:\/\/jardinazul.com\/en\/wp-json\/wp\/v2\/users\/1"}],"replies":[{"embeddable":true,"href":"https:\/\/jardinazul.com\/en\/wp-json\/wp\/v2\/comments?post=544"}],"version-history":[{"count":0,"href":"https:\/\/jardinazul.com\/en\/wp-json\/wp\/v2\/pages\/544\/revisions"}],"wp:attachment":[{"href":"https:\/\/jardinazul.com\/en\/wp-json\/wp\/v2\/media?parent=544"}],"curies":[{"name":"wp","href":"https:\/\/api.w.org\/{rel}","templated":true}]}}