{"id":423,"date":"2018-06-21T09:17:58","date_gmt":"2018-06-21T09:17:58","guid":{"rendered":"https:\/\/themes.themegoods.com\/hoteller\/city\/?page_id=423"},"modified":"2023-02-02T21:32:09","modified_gmt":"2023-02-02T21:32:09","slug":"cali","status":"publish","type":"page","link":"https:\/\/jardinazul.com\/en\/cali\/","title":{"rendered":"Cali"},"content":{"rendered":"<div data-elementor-type=\"wp-post\" data-elementor-id=\"423\" class=\"elementor elementor-423\">\n\t\t\t\t\t\t<section class=\"elementor-section elementor-top-section elementor-element elementor-element-2e291d18 elementor-section-stretched elementor-section-height-min-height elementor-section-boxed elementor-section-height-default elementor-section-items-middle\" data-id=\"2e291d18\" data-element_type=\"section\" data-settings=\"{&quot;stretch_section&quot;:&quot;section-stretched&quot;,&quot;background_background&quot;:&quot;classic&quot;}\">\n\t\t\t\t\t\t\t<div class=\"elementor-background-overlay\"><\/div>\n\t\t\t\t\t\t\t<div class=\"elementor-container elementor-column-gap-default\">\n\t\t\t\t\t<div class=\"elementor-column elementor-col-100 elementor-top-column elementor-element elementor-element-7568e395\" data-id=\"7568e395\" data-element_type=\"column\">\n\t\t\t<div class=\"elementor-widget-wrap elementor-element-populated\">\n\t\t\t\t\t\t<div class=\"elementor-element elementor-element-5e915cbb elementor-invisible elementor-widget elementor-widget-heading\" data-id=\"5e915cbb\" data-element_type=\"widget\" data-settings=\"{&quot;_animation&quot;:&quot;fadeInUp&quot;}\" data-widget_type=\"heading.default\">\n\t\t\t\t<div class=\"elementor-widget-container\">\n\t\t\t<h1 class=\"elementor-heading-title elementor-size-default\">Explore Cali<\/h1>\t\t<\/div>\n\t\t\t\t<\/div>\n\t\t\t\t<div class=\"elementor-element elementor-element-31f2f9b1 elementor-invisible elementor-widget elementor-widget-heading\" data-id=\"31f2f9b1\" data-element_type=\"widget\" data-settings=\"{&quot;_animation&quot;:&quot;fadeInUp&quot;,&quot;_animation_delay&quot;:400}\" data-widget_type=\"heading.default\">\n\t\t\t\t<div class=\"elementor-widget-container\">\n\t\t\t<h5 class=\"elementor-heading-title elementor-size-default\">LA SUCURSAL DEL CIELO<\/h5>\t\t<\/div>\n\t\t\t\t<\/div>\n\t\t\t\t\t<\/div>\n\t\t<\/div>\n\t\t\t\t\t<\/div>\n\t\t<\/section>\n\t\t\t\t<section class=\"elementor-section elementor-top-section elementor-element elementor-element-af73848 elementor-section-boxed elementor-section-height-default elementor-section-height-default\" data-id=\"af73848\" data-element_type=\"section\">\n\t\t\t\t\t\t<div class=\"elementor-container elementor-column-gap-default\">\n\t\t\t\t\t<div class=\"elementor-column elementor-col-100 elementor-top-column elementor-element elementor-element-d27ca97\" data-id=\"d27ca97\" data-element_type=\"column\">\n\t\t\t<div class=\"elementor-widget-wrap elementor-element-populated\">\n\t\t\t\t\t\t<div class=\"elementor-element elementor-element-cd0c7fd elementor-invisible elementor-widget elementor-widget-text-editor\" data-id=\"cd0c7fd\" data-element_type=\"widget\" data-settings=\"{&quot;_animation&quot;:&quot;fadeInUp&quot;,&quot;_animation_delay&quot;:1200}\" data-widget_type=\"text-editor.default\">\n\t\t\t\t<div class=\"elementor-widget-container\">\n\t\t\t\t\t\t\t<p>It is the Capital of the Department of Valle del Cauca, located to the southwest of Colombia. It is a city of approximately 2.5 million inhabitants, and is known as the Sky Branch, in addition to being the world capital of salsa<\/p><p>The city is located next to the green mountains of the Farallones and the succulent valley of the Cauca River. Its altitude of 995 meters above sea level and a climate that varies between 20\u00b0C and 38\u00b0C make it a warm paradise that is refreshed by the evening breeze that sways the palm trees that are found throughout the city.<\/p>\t\t\t\t\t\t<\/div>\n\t\t\t\t<\/div>\n\t\t\t\t\t<\/div>\n\t\t<\/div>\n\t\t\t\t\t<\/div>\n\t\t<\/section>\n\t\t\t\t<section class=\"elementor-section elementor-top-section elementor-element elementor-element-5955283 elementor-section-boxed elementor-section-height-default elementor-section-height-default\" data-id=\"5955283\" data-element_type=\"section\">\n\t\t\t\t\t\t<div class=\"elementor-container elementor-column-gap-default\">\n\t\t\t\t\t<div class=\"elementor-column elementor-col-100 elementor-top-column elementor-element elementor-element-564dba8\" data-id=\"564dba8\" data-element_type=\"column\">\n\t\t\t<div class=\"elementor-widget-wrap elementor-element-populated\">\n\t\t\t\t\t\t<div class=\"elementor-element elementor-element-e81d4a3 elementor-invisible elementor-widget elementor-widget-image\" data-id=\"e81d4a3\" data-element_type=\"widget\" data-settings=\"{&quot;_animation&quot;:&quot;fadeInUp&quot;}\" data-widget_type=\"image.default\">\n\t\t\t\t<div class=\"elementor-widget-container\">\n\t\t\t\t\t\t\t\t\t\t<figure class=\"wp-caption\">\n\t\t\t\t\t\t\t\t\t\t<img fetchpriority=\"high\" decoding=\"async\" width=\"1470\" height=\"980\" src=\"https:\/\/jardinazul.com\/wp-content\/uploads\/2019\/08\/Samba_Cali_Colombia_cs-d667cf4a0d3f.jpg\" class=\"attachment-full size-full wp-image-1936\" alt=\"\" srcset=\"https:\/\/jardinazul.com\/wp-content\/uploads\/2019\/08\/Samba_Cali_Colombia_cs-d667cf4a0d3f.jpg 1470w, https:\/\/jardinazul.com\/wp-content\/uploads\/2019\/08\/Samba_Cali_Colombia_cs-d667cf4a0d3f-300x200.jpg 300w, https:\/\/jardinazul.com\/wp-content\/uploads\/2019\/08\/Samba_Cali_Colombia_cs-d667cf4a0d3f-768x512.jpg 768w, https:\/\/jardinazul.com\/wp-content\/uploads\/2019\/08\/Samba_Cali_Colombia_cs-d667cf4a0d3f-1024x683.jpg 1024w, https:\/\/jardinazul.com\/wp-content\/uploads\/2019\/08\/Samba_Cali_Colombia_cs-d667cf4a0d3f-700x466.jpg 700w, https:\/\/jardinazul.com\/wp-content\/uploads\/2019\/08\/Samba_Cali_Colombia_cs-d667cf4a0d3f-440x293.jpg 440w, https:\/\/jardinazul.com\/wp-content\/uploads\/2019\/08\/Samba_Cali_Colombia_cs-d667cf4a0d3f-600x400.jpg 600w\" sizes=\"(max-width: 1470px) 100vw, 1470px\" \/>\t\t\t\t\t\t\t\t\t\t\t<figcaption class=\"widget-image-caption wp-caption-text\">Cali: The world capital of Salsa PHOTO: Salsodromo<\/figcaption>\n\t\t\t\t\t\t\t\t\t\t<\/figure>\n\t\t\t\t\t\t\t<\/div>\n\t\t\t\t<\/div>\n\t\t\t\t<div class=\"elementor-element elementor-element-c59af68 elementor-invisible elementor-widget elementor-widget-text-editor\" data-id=\"c59af68\" data-element_type=\"widget\" data-settings=\"{&quot;_animation&quot;:&quot;fadeInUp&quot;}\" data-widget_type=\"text-editor.default\">\n\t\t\t\t<div class=\"elementor-widget-container\">\n\t\t\t\t\t\t\t<p>En esta ciudad encontrar\u00e1n atracciones tur\u00edsticas para todos los gustos; gastron\u00f3micas, culturales y ecol\u00f3gicas, igualmente hermosos dise\u00f1os arquitect\u00f3nicos en los diferentes barrios de Cali. Entre los sitios tur\u00edsticos m\u00e1s destacados est\u00e1 la Plaza de Caicedo, la Iglesia \u201cLa Ermita\u201d, el Museo de Arte Moderno \u201cLa Tertulia\u201d, el Zool\u00f3gico de Cali, Boulevard del R\u00edo y Los Cerros de las Tres Cruces y de Cristo Rey, desde los cuales se puede disfrutar una hermosa panor\u00e1mica de la ciudad.<\/p>\t\t\t\t\t\t<\/div>\n\t\t\t\t<\/div>\n\t\t\t\t\t<\/div>\n\t\t<\/div>\n\t\t\t\t\t<\/div>\n\t\t<\/section>\n\t\t\t\t<section class=\"elementor-section elementor-top-section elementor-element elementor-element-2cb0af3 elementor-section-boxed elementor-section-height-default elementor-section-height-default\" data-id=\"2cb0af3\" data-element_type=\"section\">\n\t\t\t\t\t\t<div class=\"elementor-container elementor-column-gap-default\">\n\t\t\t\t\t<div class=\"elementor-column elementor-col-100 elementor-top-column elementor-element elementor-element-f8884f2\" data-id=\"f8884f2\" data-element_type=\"column\">\n\t\t\t<div class=\"elementor-widget-wrap elementor-element-populated\">\n\t\t\t\t\t\t<div class=\"elementor-element elementor-element-8b019b6 elementor-invisible elementor-widget elementor-widget-image\" data-id=\"8b019b6\" data-element_type=\"widget\" data-settings=\"{&quot;_animation&quot;:&quot;fadeInUp&quot;}\" data-widget_type=\"image.default\">\n\t\t\t\t<div class=\"elementor-widget-container\">\n\t\t\t\t\t\t\t\t\t\t<figure class=\"wp-caption\">\n\t\t\t\t\t\t\t\t\t\t<img decoding=\"async\" width=\"2406\" height=\"1606\" data-src=\"https:\/\/jardinazul.com\/wp-content\/uploads\/2019\/09\/tropical-kingbird-in-colombia-P5YSJ5R-1.jpg\" class=\"attachment-full size-full wp-image-2013 lazyload\" alt=\"\" data-srcset=\"https:\/\/jardinazul.com\/wp-content\/uploads\/2019\/09\/tropical-kingbird-in-colombia-P5YSJ5R-1.jpg 2406w, https:\/\/jardinazul.com\/wp-content\/uploads\/2019\/09\/tropical-kingbird-in-colombia-P5YSJ5R-1-300x200.jpg 300w, https:\/\/jardinazul.com\/wp-content\/uploads\/2019\/09\/tropical-kingbird-in-colombia-P5YSJ5R-1-768x513.jpg 768w, https:\/\/jardinazul.com\/wp-content\/uploads\/2019\/09\/tropical-kingbird-in-colombia-P5YSJ5R-1-1024x684.jpg 1024w, https:\/\/jardinazul.com\/wp-content\/uploads\/2019\/09\/tropical-kingbird-in-colombia-P5YSJ5R-1-700x466.jpg 700w, https:\/\/jardinazul.com\/wp-content\/uploads\/2019\/09\/tropical-kingbird-in-colombia-P5YSJ5R-1-440x294.jpg 440w, https:\/\/jardinazul.com\/wp-content\/uploads\/2019\/09\/tropical-kingbird-in-colombia-P5YSJ5R-1-600x400.jpg 600w\" data-sizes=\"(max-width: 2406px) 100vw, 2406px\" src=\"data:image\/gif;base64,R0lGODlhAQABAAAAACH5BAEKAAEALAAAAAABAAEAAAICTAEAOw==\" style=\"--smush-placeholder-width: 2406px; --smush-placeholder-aspect-ratio: 2406\/1606;\" \/><noscript><img decoding=\"async\" width=\"2406\" height=\"1606\" src=\"https:\/\/jardinazul.com\/wp-content\/uploads\/2019\/09\/tropical-kingbird-in-colombia-P5YSJ5R-1.jpg\" class=\"attachment-full size-full wp-image-2013\" alt=\"\" srcset=\"https:\/\/jardinazul.com\/wp-content\/uploads\/2019\/09\/tropical-kingbird-in-colombia-P5YSJ5R-1.jpg 2406w, https:\/\/jardinazul.com\/wp-content\/uploads\/2019\/09\/tropical-kingbird-in-colombia-P5YSJ5R-1-300x200.jpg 300w, https:\/\/jardinazul.com\/wp-content\/uploads\/2019\/09\/tropical-kingbird-in-colombia-P5YSJ5R-1-768x513.jpg 768w, https:\/\/jardinazul.com\/wp-content\/uploads\/2019\/09\/tropical-kingbird-in-colombia-P5YSJ5R-1-1024x684.jpg 1024w, https:\/\/jardinazul.com\/wp-content\/uploads\/2019\/09\/tropical-kingbird-in-colombia-P5YSJ5R-1-700x466.jpg 700w, https:\/\/jardinazul.com\/wp-content\/uploads\/2019\/09\/tropical-kingbird-in-colombia-P5YSJ5R-1-440x294.jpg 440w, https:\/\/jardinazul.com\/wp-content\/uploads\/2019\/09\/tropical-kingbird-in-colombia-P5YSJ5R-1-600x400.jpg 600w\" sizes=\"(max-width: 2406px) 100vw, 2406px\" \/><\/noscript>\t\t\t\t\t\t\t\t\t\t\t<figcaption class=\"widget-image-caption wp-caption-text\">Cali is an ideal destination for bird watching <\/figcaption>\n\t\t\t\t\t\t\t\t\t\t<\/figure>\n\t\t\t\t\t\t\t<\/div>\n\t\t\t\t<\/div>\n\t\t\t\t\t<\/div>\n\t\t<\/div>\n\t\t\t\t\t<\/div>\n\t\t<\/section>\n\t\t\t\t<section class=\"elementor-section elementor-top-section elementor-element elementor-element-e5ec352 elementor-section-boxed elementor-section-height-default elementor-section-height-default\" data-id=\"e5ec352\" data-element_type=\"section\">\n\t\t\t\t\t\t<div class=\"elementor-container elementor-column-gap-default\">\n\t\t\t\t\t<div class=\"elementor-column elementor-col-100 elementor-top-column elementor-element elementor-element-ce8f48c\" data-id=\"ce8f48c\" data-element_type=\"column\">\n\t\t\t<div class=\"elementor-widget-wrap elementor-element-populated\">\n\t\t\t\t\t\t<div class=\"elementor-element elementor-element-971acd7 elementor-invisible elementor-widget elementor-widget-text-editor\" data-id=\"971acd7\" data-element_type=\"widget\" data-settings=\"{&quot;_animation&quot;:&quot;fadeInUp&quot;}\" data-widget_type=\"text-editor.default\">\n\t\t\t\t<div class=\"elementor-widget-container\">\n\t\t\t\t\t\t\t<p>Among the gastronomic specialties of the region is the famous pandebono that can be enjoyed fresh from the oven in the bakeries of the city. Another attraction is the Pacific food restaurants that offer a typical and delicious fish stew. Vallecaucan drinks become a true nectar, a delicious shampoo or a very cold guarapo are ideal to relieve high temperatures. A very good plan is to go to the Pan American Courts and enjoy a spectacular clash made with the variety of fruits from the region and the country.<\/p>\t\t\t\t\t\t<\/div>\n\t\t\t\t<\/div>\n\t\t\t\t\t<\/div>\n\t\t<\/div>\n\t\t\t\t\t<\/div>\n\t\t<\/section>\n\t\t\t\t<section class=\"elementor-section elementor-top-section elementor-element elementor-element-65fcd94 elementor-section-boxed elementor-section-height-default elementor-section-height-default\" data-id=\"65fcd94\" data-element_type=\"section\">\n\t\t\t\t\t\t<div class=\"elementor-container elementor-column-gap-default\">\n\t\t\t\t\t<div class=\"elementor-column elementor-col-100 elementor-top-column elementor-element elementor-element-39c8b1d\" data-id=\"39c8b1d\" data-element_type=\"column\">\n\t\t\t<div class=\"elementor-widget-wrap elementor-element-populated\">\n\t\t\t\t\t\t<div class=\"elementor-element elementor-element-4f67c82 elementor-invisible elementor-widget elementor-widget-image\" data-id=\"4f67c82\" data-element_type=\"widget\" data-settings=\"{&quot;_animation&quot;:&quot;fadeInUp&quot;}\" data-widget_type=\"image.default\">\n\t\t\t\t<div class=\"elementor-widget-container\">\n\t\t\t\t\t\t\t\t\t\t<figure class=\"wp-caption\">\n\t\t\t\t\t\t\t\t\t\t<img decoding=\"async\" width=\"2324\" height=\"3467\" data-src=\"https:\/\/jardinazul.com\/wp-content\/uploads\/2019\/09\/venezuelan-colombian-food-corn-empanadas-with-LQMB5KA.jpg\" class=\"attachment-full size-full wp-image-2015 lazyload\" alt=\"\" data-srcset=\"https:\/\/jardinazul.com\/wp-content\/uploads\/2019\/09\/venezuelan-colombian-food-corn-empanadas-with-LQMB5KA.jpg 2324w, https:\/\/jardinazul.com\/wp-content\/uploads\/2019\/09\/venezuelan-colombian-food-corn-empanadas-with-LQMB5KA-201x300.jpg 201w, https:\/\/jardinazul.com\/wp-content\/uploads\/2019\/09\/venezuelan-colombian-food-corn-empanadas-with-LQMB5KA-768x1146.jpg 768w, https:\/\/jardinazul.com\/wp-content\/uploads\/2019\/09\/venezuelan-colombian-food-corn-empanadas-with-LQMB5KA-686x1024.jpg 686w, https:\/\/jardinazul.com\/wp-content\/uploads\/2019\/09\/venezuelan-colombian-food-corn-empanadas-with-LQMB5KA-440x656.jpg 440w, https:\/\/jardinazul.com\/wp-content\/uploads\/2019\/09\/venezuelan-colombian-food-corn-empanadas-with-LQMB5KA-600x895.jpg 600w\" data-sizes=\"(max-width: 2324px) 100vw, 2324px\" src=\"data:image\/gif;base64,R0lGODlhAQABAAAAACH5BAEKAAEALAAAAAABAAEAAAICTAEAOw==\" style=\"--smush-placeholder-width: 2324px; --smush-placeholder-aspect-ratio: 2324\/3467;\" \/><noscript><img decoding=\"async\" width=\"2324\" height=\"3467\" src=\"https:\/\/jardinazul.com\/wp-content\/uploads\/2019\/09\/venezuelan-colombian-food-corn-empanadas-with-LQMB5KA.jpg\" class=\"attachment-full size-full wp-image-2015\" alt=\"\" srcset=\"https:\/\/jardinazul.com\/wp-content\/uploads\/2019\/09\/venezuelan-colombian-food-corn-empanadas-with-LQMB5KA.jpg 2324w, https:\/\/jardinazul.com\/wp-content\/uploads\/2019\/09\/venezuelan-colombian-food-corn-empanadas-with-LQMB5KA-201x300.jpg 201w, https:\/\/jardinazul.com\/wp-content\/uploads\/2019\/09\/venezuelan-colombian-food-corn-empanadas-with-LQMB5KA-768x1146.jpg 768w, https:\/\/jardinazul.com\/wp-content\/uploads\/2019\/09\/venezuelan-colombian-food-corn-empanadas-with-LQMB5KA-686x1024.jpg 686w, https:\/\/jardinazul.com\/wp-content\/uploads\/2019\/09\/venezuelan-colombian-food-corn-empanadas-with-LQMB5KA-440x656.jpg 440w, https:\/\/jardinazul.com\/wp-content\/uploads\/2019\/09\/venezuelan-colombian-food-corn-empanadas-with-LQMB5KA-600x895.jpg 600w\" sizes=\"(max-width: 2324px) 100vw, 2324px\" \/><\/noscript>\t\t\t\t\t\t\t\t\t\t\t<figcaption class=\"widget-image-caption wp-caption-text\">Varied gastronomic offer- PHOTO: Empanada valluna<\/figcaption>\n\t\t\t\t\t\t\t\t\t\t<\/figure>\n\t\t\t\t\t\t\t<\/div>\n\t\t\t\t<\/div>\n\t\t\t\t\t<\/div>\n\t\t<\/div>\n\t\t\t\t\t<\/div>\n\t\t<\/section>\n\t\t\t\t<\/div>","protected":false},"excerpt":{"rendered":"<p>Explora Cali LA SUCURSAL DEL CIELO Es la Capital de Departamento del Valle del Cauca, ubicado al suroccidente Colombiano. Es una ciudad de aproximadamente 2.5 millones de habitantes, y se conoce como la Sucursal del Cielo, adem\u00e1s de ser la [&hellip;]<\/p>","protected":false},"author":1,"featured_media":0,"parent":0,"menu_order":0,"comment_status":"closed","ping_status":"closed","template":"","meta":{"_joinchat":[],"footnotes":""},"class_list":["post-423","page","type-page","status-publish","hentry"],"_links":{"self":[{"href":"https:\/\/jardinazul.com\/en\/wp-json\/wp\/v2\/pages\/423","targetHints":{"allow":["GET"]}}],"collection":[{"href":"https:\/\/jardinazul.com\/en\/wp-json\/wp\/v2\/pages"}],"about":[{"href":"https:\/\/jardinazul.com\/en\/wp-json\/wp\/v2\/types\/page"}],"author":[{"embeddable":true,"href":"https:\/\/jardinazul.com\/en\/wp-json\/wp\/v2\/users\/1"}],"replies":[{"embeddable":true,"href":"https:\/\/jardinazul.com\/en\/wp-json\/wp\/v2\/comments?post=423"}],"version-history":[{"count":0,"href":"https:\/\/jardinazul.com\/en\/wp-json\/wp\/v2\/pages\/423\/revisions"}],"wp:attachment":[{"href":"https:\/\/jardinazul.com\/en\/wp-json\/wp\/v2\/media?parent=423"}],"curies":[{"name":"wp","href":"https:\/\/api.w.org\/{rel}","templated":true}]}}